{"id":2453,"date":"2023-11-02T19:33:55","date_gmt":"2023-11-02T22:33:55","guid":{"rendered":"https:\/\/cvxgrandbrasil.com.br\/jobs\/?page_id=2453"},"modified":"2024-09-02T11:49:08","modified_gmt":"2024-09-02T14:49:08","slug":"contratar","status":"publish","type":"page","link":"https:\/\/cvxgrandbrasil.com.br\/jobs\/contratar\/","title":{"rendered":"Contratar"},"content":{"rendered":"\t\t<div data-elementor-type=\"wp-page\" data-elementor-id=\"2453\" class=\"elementor elementor-2453\" data-elementor-post-type=\"page\">\n\t\t\t\t<div class=\"elementor-element elementor-element-ff5c181 e-con-full e-flex e-con e-parent\" data-id=\"ff5c181\" data-element_type=\"container\" data-settings=\"{&quot;background_background&quot;:&quot;classic&quot;}\">\n\t\t<div class=\"elementor-element elementor-element-da0d5ea e-con-full e-flex e-con e-child\" data-id=\"da0d5ea\" data-element_type=\"container\">\n\t\t\t\t<div class=\"elementor-element elementor-element-b962e73 elementor-widget__width-initial elementor-widget elementor-widget-heading\" data-id=\"b962e73\" data-element_type=\"widget\" data-widget_type=\"heading.default\">\n\t\t\t\t<div class=\"elementor-widget-container\">\n\t\t\t\t\t<h2 class=\"elementor-heading-title elementor-size-default\">Contratar Talentos<\/h2>\t\t\t\t<\/div>\n\t\t\t\t<\/div>\n\t\t\t\t<div class=\"elementor-element elementor-element-75bb742 elementor-widget elementor-widget-text-editor\" data-id=\"75bb742\" data-element_type=\"widget\" data-widget_type=\"text-editor.default\">\n\t\t\t\t<div class=\"elementor-widget-container\">\n\t\t\t\t\t\t\t\t\t<p style=\"text-align: justify;\">No cora\u00e7\u00e3o de empresas vision\u00e1rias, a inova\u00e7\u00e3o \u00e9 o combust\u00edvel que impulsiona o crescimento. Voc\u00ea est\u00e1 pronto para liderar a revolu\u00e7\u00e3o empresarial? Seja uma empresa em busca de novos talentos.<\/p>\t\t\t\t\t\t\t\t<\/div>\n\t\t\t\t<\/div>\n\t\t\t\t<\/div>\n\t\t\t\t<\/div>\n\t\t<div class=\"elementor-element elementor-element-ac24a79 e-flex e-con-boxed e-con e-parent\" data-id=\"ac24a79\" data-element_type=\"container\">\n\t\t\t\t\t<div class=\"e-con-inner\">\n\t\t<div class=\"elementor-element elementor-element-55cd3b6 e-flex e-con-boxed e-con e-child\" data-id=\"55cd3b6\" data-element_type=\"container\">\n\t\t\t\t\t<div class=\"e-con-inner\">\n\t\t<div class=\"elementor-element elementor-element-476c757 e-flex e-con-boxed e-con e-child\" data-id=\"476c757\" data-element_type=\"container\">\n\t\t\t\t\t<div class=\"e-con-inner\">\n\t\t\t\t<div class=\"elementor-element elementor-element-da70f19 elementor-widget elementor-widget-heading\" data-id=\"da70f19\" data-element_type=\"widget\" data-widget_type=\"heading.default\">\n\t\t\t\t<div class=\"elementor-widget-container\">\n\t\t\t\t\t<h2 class=\"elementor-heading-title elementor-size-default\">Entre em contato e encontre os melhores talentos<\/h2>\t\t\t\t<\/div>\n\t\t\t\t<\/div>\n\t\t\t\t<div class=\"elementor-element elementor-element-9cbffd6 elementor-widget elementor-widget-text-editor\" data-id=\"9cbffd6\" data-element_type=\"widget\" data-widget_type=\"text-editor.default\">\n\t\t\t\t<div class=\"elementor-widget-container\">\n\t\t\t\t\t\t\t\t\t<div class=\"stack stack--md\"><p class=\"text-lg\">Preencha o formul\u00e1rio e nossos especialistas entrar\u00e3o em contato.<\/p><\/div><div id=\"rd-station-form\" class=\"rd-station-form\"><div id=\"site-formulario-de-contato-459b6bd873752dd8cf97\"><section id=\"form-site-formulario-de-contato-459b6bd873752dd8cf97\"><div id=\"rdstation-bricks-embeddable-form-bricks-component-g99P7cagf_8Mmqq0d5iGSw\"><div id=\"bricks-component-g99P7cagf_8Mmqq0d5iGSw\" class=\"bricks--component bricks--component-embeddable-form\"><section id=\"rd-section-knyr2itj\" class=\"bricks--section rd-section\"><div id=\"rd-row-knyr2itn\" class=\"bricks--row rd-row\"><div id=\"rd-column-knyr2ito\" class=\"bricks--column rd-column\"><div><div id=\"rd-form-knyr2itp\" class=\"bricks--component bricks-form rd-form\"><form id=\"conversion-form-site-formulario-de-contato\" action=\"https:\/\/gyruss.rdops.systems\/v2\/conversions\" novalidate=\"novalidate\" data-typed-fields=\"1\" data-lang=\"pt-BR\" data-asset-action=\"aHR0cHM6Ly93d3cuY2lhZGVlc3RhZ2lvcy5jb20uYnIvb2JyaWdhZG8tcGFy\nYS1lbXByZXNhcy8=\n\"><div class=\"bricks-form__fieldset\" data-progressive-profiling=\"\"><div class=\"bricks-form__field\">\u00a0<\/div><\/div><\/form><\/div><\/div><\/div><\/div><\/section><\/div><\/div><\/section><\/div><\/div>\t\t\t\t\t\t\t\t<\/div>\n\t\t\t\t<\/div>\n\t\t\t\t<div class=\"elementor-element elementor-element-2c60148 elementor-mobile-align-center elementor-icon-list--layout-traditional elementor-list-item-link-full_width elementor-widget elementor-widget-icon-list\" data-id=\"2c60148\" data-element_type=\"widget\" data-widget_type=\"icon-list.default\">\n\t\t\t\t<div class=\"elementor-widget-container\">\n\t\t\t\t\t\t\t<ul class=\"elementor-icon-list-items\">\n\t\t\t\t\t\t\t<li class=\"elementor-icon-list-item\">\n\t\t\t\t\t\t\t\t\t\t\t<span class=\"elementor-icon-list-icon\">\n\t\t\t\t\t\t\t<i aria-hidden=\"true\" class=\"fas fa-envelope\"><\/i>\t\t\t\t\t\t<\/span>\n\t\t\t\t\t\t\t\t\t\t<span class=\"elementor-icon-list-text\">contato@cvxgrandbrasil.com.br<\/span>\n\t\t\t\t\t\t\t\t\t<\/li>\n\t\t\t\t\t\t\t\t<li class=\"elementor-icon-list-item\">\n\t\t\t\t\t\t\t\t\t\t\t<span class=\"elementor-icon-list-icon\">\n\t\t\t\t\t\t\t<i aria-hidden=\"true\" class=\"fas fa-map-marker-alt\"><\/i>\t\t\t\t\t\t<\/span>\n\t\t\t\t\t\t\t\t\t\t<span class=\"elementor-icon-list-text\">Jos\u00e9 Paulino, 235 sala 1105, Campinas - SP<\/span>\n\t\t\t\t\t\t\t\t\t<\/li>\n\t\t\t\t\t\t<\/ul>\n\t\t\t\t\t\t<\/div>\n\t\t\t\t<\/div>\n\t\t\t\t<div class=\"elementor-element elementor-element-3f5bea0 e-grid-align-left e-grid-align-mobile-center elementor-shape-rounded elementor-grid-0 elementor-widget elementor-widget-social-icons\" data-id=\"3f5bea0\" data-element_type=\"widget\" data-widget_type=\"social-icons.default\">\n\t\t\t\t<div class=\"elementor-widget-container\">\n\t\t\t\t\t\t\t<div class=\"elementor-social-icons-wrapper elementor-grid\" role=\"list\">\n\t\t\t\t\t\t\t<span class=\"elementor-grid-item\" role=\"listitem\">\n\t\t\t\t\t<a class=\"elementor-icon elementor-social-icon elementor-social-icon-facebook elementor-animation-grow elementor-repeater-item-c61028b\" href=\"https:\/\/www.facebook.com\/profile.php?id=61552689000006&#038;paipv=0&#038;eav=AfbP4JflUeC_HyKrrVQ0tVZe7Fz6N1R4c2MifV-zyCGusaYIQ2v5G8S-jY_NMvYG9AU\" target=\"_blank\">\n\t\t\t\t\t\t<span class=\"elementor-screen-only\">Facebook<\/span>\n\t\t\t\t\t\t<i aria-hidden=\"true\" class=\"fab fa-facebook\"><\/i>\t\t\t\t\t<\/a>\n\t\t\t\t<\/span>\n\t\t\t\t\t\t\t<span class=\"elementor-grid-item\" role=\"listitem\">\n\t\t\t\t\t<a class=\"elementor-icon elementor-social-icon elementor-social-icon-instagram elementor-animation-grow elementor-repeater-item-e8c7244\" href=\"https:\/\/www.instagram.com\/cvxbrasil\/\" target=\"_blank\">\n\t\t\t\t\t\t<span class=\"elementor-screen-only\">Instagram<\/span>\n\t\t\t\t\t\t<i aria-hidden=\"true\" class=\"fab fa-instagram\"><\/i>\t\t\t\t\t<\/a>\n\t\t\t\t<\/span>\n\t\t\t\t\t\t\t<span class=\"elementor-grid-item\" role=\"listitem\">\n\t\t\t\t\t<a class=\"elementor-icon elementor-social-icon elementor-social-icon-linkedin elementor-animation-grow elementor-repeater-item-ad6fa75\" href=\"https:\/\/br.linkedin.com\/company\/cvx-grand-brasil\" target=\"_blank\">\n\t\t\t\t\t\t<span class=\"elementor-screen-only\">Linkedin<\/span>\n\t\t\t\t\t\t<i aria-hidden=\"true\" class=\"fab fa-linkedin\"><\/i>\t\t\t\t\t<\/a>\n\t\t\t\t<\/span>\n\t\t\t\t\t<\/div>\n\t\t\t\t\t\t<\/div>\n\t\t\t\t<\/div>\n\t\t\t\t\t<\/div>\n\t\t\t\t<\/div>\n\t\t<div class=\"elementor-element elementor-element-5562b2d e-con-full e-flex e-con e-child\" data-id=\"5562b2d\" data-element_type=\"container\">\n\t\t\t\t<div class=\"elementor-element elementor-element-4d166e1 elementor-widget elementor-widget-heading\" data-id=\"4d166e1\" data-element_type=\"widget\" data-widget_type=\"heading.default\">\n\t\t\t\t<div class=\"elementor-widget-container\">\n\t\t\t\t\t<h2 class=\"elementor-heading-title elementor-size-default\">Comece a usar a CVX agora!<\/h2>\t\t\t\t<\/div>\n\t\t\t\t<\/div>\n\t\t\t\t<div class=\"elementor-element elementor-element-f2d861d elementor-widget__width-initial elementor-button-align-stretch elementor-widget elementor-widget-form\" data-id=\"f2d861d\" data-element_type=\"widget\" data-settings=\"{&quot;step_next_label&quot;:&quot;Proximo&quot;,&quot;step_previous_label&quot;:&quot;Anterior&quot;,&quot;button_width&quot;:&quot;100&quot;,&quot;step_type&quot;:&quot;number_text&quot;,&quot;step_icon_shape&quot;:&quot;circle&quot;}\" data-widget_type=\"form.default\">\n\t\t\t\t<div class=\"elementor-widget-container\">\n\t\t\t\t\t\t\t<form class=\"elementor-form\" method=\"post\" name=\"Nova mensagem formul\u00e1rio empresa  recrutamento de estagi\u00e1rios e trainee\">\n\t\t\t<input type=\"hidden\" name=\"post_id\" value=\"2453\"\/>\n\t\t\t<input type=\"hidden\" name=\"form_id\" value=\"f2d861d\"\/>\n\t\t\t<input type=\"hidden\" name=\"referer_title\" value=\"Contratar\" \/>\n\n\t\t\t\t\t\t\t<input type=\"hidden\" name=\"queried_id\" value=\"2453\"\/>\n\t\t\t\n\t\t\t<div class=\"elementor-form-fields-wrapper elementor-labels-above\">\n\t\t\t\t\t\t\t\t<div class=\"elementor-field-type-step elementor-field-group elementor-column elementor-field-group-field_be68a77 elementor-col-100\">\n\t\t\t\t\t\t\t<div class=\"e-field-step elementor-hidden\" data-label=\"\" data-previousButton=\"\" data-nextButton=\"\" data-iconUrl=\"\" data-iconLibrary=\"fas fa-star\" data-icon=\"\" ><\/div>\n\n\t\t\t\t\t\t<\/div>\n\t\t\t\t\t\t\t\t<div class=\"elementor-field-type-text elementor-field-group elementor-column elementor-field-group-nome elementor-col-100 elementor-field-required\">\n\t\t\t\t\t\t\t\t\t\t\t\t<label for=\"form-field-nome\" class=\"elementor-field-label\">\n\t\t\t\t\t\t\t\tNome*\t\t\t\t\t\t\t<\/label>\n\t\t\t\t\t\t\t\t\t\t\t\t\t\t<input size=\"1\" type=\"text\" name=\"form_fields[nome]\" id=\"form-field-nome\" class=\"elementor-field elementor-size-md  elementor-field-textual\" placeholder=\"Nome\" required=\"required\">\n\t\t\t\t\t\t\t\t\t\t\t<\/div>\n\t\t\t\t\t\t\t\t<div class=\"elementor-field-type-select elementor-field-group elementor-column elementor-field-group-field_ee4748e elementor-col-100 elementor-field-required\">\n\t\t\t\t\t\t\t\t\t\t\t\t<label for=\"form-field-field_ee4748e\" class=\"elementor-field-label\">\n\t\t\t\t\t\t\t\tQual o seu cargo atual?*\t\t\t\t\t\t\t<\/label>\n\t\t\t\t\t\t\t\t<div class=\"elementor-field elementor-select-wrapper remove-before \">\n\t\t\t<div class=\"select-caret-down-wrapper\">\n\t\t\t\t<i aria-hidden=\"true\" class=\"eicon-caret-down\"><\/i>\t\t\t<\/div>\n\t\t\t<select name=\"form_fields[field_ee4748e]\" id=\"form-field-field_ee4748e\" class=\"elementor-field-textual elementor-size-md\" required=\"required\">\n\t\t\t\t\t\t\t\t\t<option value=\"Selecione..\">Selecione..<\/option>\n\t\t\t\t\t\t\t\t\t<option value=\"Aut\u00f4nomo (a)\">Aut\u00f4nomo (a)<\/option>\n\t\t\t\t\t\t\t\t\t<option value=\"Presidente \/ CEO \/ S\u00f3cio\">Presidente \/ CEO \/ S\u00f3cio<\/option>\n\t\t\t\t\t\t\t\t\t<option value=\"Diretor (a) \/ VP\">Diretor (a) \/ VP<\/option>\n\t\t\t\t\t\t\t\t\t<option value=\"Gerente\">Gerente<\/option>\n\t\t\t\t\t\t\t\t\t<option value=\"Coordenador (a)\">Coordenador (a)<\/option>\n\t\t\t\t\t\t\t\t\t<option value=\"Supervisor(a)\">Supervisor(a)<\/option>\n\t\t\t\t\t\t\t\t\t<option value=\"Business Partner\">Business Partner<\/option>\n\t\t\t\t\t\t\t\t\t<option value=\"Consultor (a)\">Consultor (a)<\/option>\n\t\t\t\t\t\t\t\t\t<option value=\"Especialista\">Especialista<\/option>\n\t\t\t\t\t\t\t\t\t<option value=\"Trainee\">Trainee<\/option>\n\t\t\t\t\t\t\t\t\t<option value=\"Analista\">Analista<\/option>\n\t\t\t\t\t\t\t\t\t<option value=\"Assistente\">Assistente<\/option>\n\t\t\t\t\t\t\t\t\t<option value=\"Auxiliar\">Auxiliar<\/option>\n\t\t\t\t\t\t\t\t\t<option value=\"Estagi\u00e1rio (a)\">Estagi\u00e1rio (a)<\/option>\n\t\t\t\t\t\t\t\t\t<option value=\"Estudante\">Estudante<\/option>\n\t\t\t\t\t\t\t\t\t<option value=\"Aprendiz\">Aprendiz<\/option>\n\t\t\t\t\t\t\t\t\t<option value=\"Psic\u00f3logo (a)\">Psic\u00f3logo (a)<\/option>\n\t\t\t\t\t\t\t\t\t<option value=\"Projetos\">Projetos<\/option>\n\t\t\t\t\t\t\t\t\t<option value=\"TI\">TI<\/option>\n\t\t\t\t\t\t\t\t\t<option value=\"Inova\u00e7\u00e3o\">Inova\u00e7\u00e3o<\/option>\n\t\t\t\t\t\t\t\t\t<option value=\"DP\">DP<\/option>\n\t\t\t\t\t\t\t\t\t<option value=\"Outros cargos\">Outros cargos<\/option>\n\t\t\t\t\t\t\t<\/select>\n\t\t<\/div>\n\t\t\t\t\t\t<\/div>\n\t\t\t\t\t\t\t\t<div class=\"elementor-field-type-text elementor-field-group elementor-column elementor-field-group-field_6bd806c elementor-col-100 elementor-field-required\">\n\t\t\t\t\t\t\t\t\t\t\t\t<label for=\"form-field-field_6bd806c\" class=\"elementor-field-label\">\n\t\t\t\t\t\t\t\tNome da empresa*\t\t\t\t\t\t\t<\/label>\n\t\t\t\t\t\t\t\t\t\t\t\t\t\t<input size=\"1\" type=\"text\" name=\"form_fields[field_6bd806c]\" id=\"form-field-field_6bd806c\" class=\"elementor-field elementor-size-md  elementor-field-textual\" placeholder=\"Nome da empresa\" required=\"required\">\n\t\t\t\t\t\t\t\t\t\t\t<\/div>\n\t\t\t\t\t\t\t\t<div class=\"elementor-field-type-text elementor-field-group elementor-column elementor-field-group-field_f1d28af elementor-col-100\">\n\t\t\t\t\t\t\t\t\t\t\t\t<label for=\"form-field-field_f1d28af\" class=\"elementor-field-label\">\n\t\t\t\t\t\t\t\tNome do Representante legal da empresa\t\t\t\t\t\t\t<\/label>\n\t\t\t\t\t\t\t\t\t\t\t\t\t\t<input size=\"1\" type=\"text\" name=\"form_fields[field_f1d28af]\" id=\"form-field-field_f1d28af\" class=\"elementor-field elementor-size-md  elementor-field-textual\" placeholder=\"CEO\">\n\t\t\t\t\t\t\t\t\t\t\t<\/div>\n\t\t\t\t\t\t\t\t<div class=\"elementor-field-type-email elementor-field-group elementor-column elementor-field-group-email elementor-col-50 elementor-field-required\">\n\t\t\t\t\t\t\t\t\t\t\t\t<label for=\"form-field-email\" class=\"elementor-field-label\">\n\t\t\t\t\t\t\t\tE-mail Corporativo*\t\t\t\t\t\t\t<\/label>\n\t\t\t\t\t\t\t\t\t\t\t\t\t\t<input size=\"1\" type=\"email\" name=\"form_fields[email]\" id=\"form-field-email\" class=\"elementor-field elementor-size-md  elementor-field-textual\" placeholder=\"E-mail\" required=\"required\">\n\t\t\t\t\t\t\t\t\t\t\t<\/div>\n\t\t\t\t\t\t\t\t<div class=\"elementor-field-type-tel elementor-field-group elementor-column elementor-field-group-field_f4fb0af elementor-col-50 elementor-field-required\">\n\t\t\t\t\t\t\t\t\t\t\t\t<label for=\"form-field-field_f4fb0af\" class=\"elementor-field-label\">\n\t\t\t\t\t\t\t\tTelefone*\t\t\t\t\t\t\t<\/label>\n\t\t\t\t\t\t\t\t<input size=\"1\" type=\"tel\" name=\"form_fields[field_f4fb0af]\" id=\"form-field-field_f4fb0af\" class=\"elementor-field elementor-size-md  elementor-field-textual\" placeholder=\"Telefone\" required=\"required\" pattern=\"[0-9()#&amp;+*-=.]+\" title=\"Apenas n\u00fameros e caracteres de telefone (#, -, *, etc.) s\u00e3o aceitos.\">\n\n\t\t\t\t\t\t<\/div>\n\t\t\t\t\t\t\t\t<div class=\"elementor-field-type-maskphone_with_ddd elementor-field-group elementor-column elementor-field-group-field_4a516d0 elementor-col-100 elementor-field-required\">\n\t\t\t\t\t\t\t\t\t\t\t\t<label for=\"form-field-field_4a516d0\" class=\"elementor-field-label\">\n\t\t\t\t\t\t\t\tWhatsApp*\t\t\t\t\t\t\t<\/label>\n\t\t\t\t\t\t\t\t\t\t<\/div>\n\t\t\t\t\t\t\t\t<div class=\"elementor-field-type-step elementor-field-group elementor-column elementor-field-group-field_4221431 elementor-col-100\">\n\t\t\t\t\t\t\t<div class=\"e-field-step elementor-hidden\" data-label=\"\" data-previousButton=\"\" data-nextButton=\"\" data-iconUrl=\"\" data-iconLibrary=\"fas fa-star\" data-icon=\"\" ><\/div>\n\n\t\t\t\t\t\t<\/div>\n\t\t\t\t\t\t\t\t<div class=\"elementor-field-type-select elementor-field-group elementor-column elementor-field-group-field_2958d46 elementor-col-100\">\n\t\t\t\t\t\t\t\t\t\t\t\t<label for=\"form-field-field_2958d46\" class=\"elementor-field-label\">\n\t\t\t\t\t\t\t\tQuantos funcion\u00e1rios sua empresa possui?\t\t\t\t\t\t\t<\/label>\n\t\t\t\t\t\t\t\t<div class=\"elementor-field elementor-select-wrapper remove-before \">\n\t\t\t<div class=\"select-caret-down-wrapper\">\n\t\t\t\t<i aria-hidden=\"true\" class=\"eicon-caret-down\"><\/i>\t\t\t<\/div>\n\t\t\t<select name=\"form_fields[field_2958d46]\" id=\"form-field-field_2958d46\" class=\"elementor-field-textual elementor-size-md\">\n\t\t\t\t\t\t\t\t\t<option value=\"Selecione..\">Selecione..<\/option>\n\t\t\t\t\t\t\t\t\t<option value=\"Sou aut\u00f4nomo(a)\">Sou aut\u00f4nomo(a)<\/option>\n\t\t\t\t\t\t\t\t\t<option value=\"0-50 funcion\u00e1rios\">0-50 funcion\u00e1rios<\/option>\n\t\t\t\t\t\t\t\t\t<option value=\"51-200 funcion\u00e1rios\">51-200 funcion\u00e1rios<\/option>\n\t\t\t\t\t\t\t\t\t<option value=\"201-500 funcion\u00e1rios\">201-500 funcion\u00e1rios<\/option>\n\t\t\t\t\t\t\t\t\t<option value=\"501-1.000 funcion\u00e1rios\">501-1.000 funcion\u00e1rios<\/option>\n\t\t\t\t\t\t\t\t\t<option value=\"1.001-4.000 funcion\u00e1rios\">1.001-4.000 funcion\u00e1rios<\/option>\n\t\t\t\t\t\t\t\t\t<option value=\"4.001-10.000 funcion\u00e1rios\">4.001-10.000 funcion\u00e1rios<\/option>\n\t\t\t\t\t\t\t\t\t<option value=\"Mais de 10.000 funcion\u00e1rios\">Mais de 10.000 funcion\u00e1rios<\/option>\n\t\t\t\t\t\t\t<\/select>\n\t\t<\/div>\n\t\t\t\t\t\t<\/div>\n\t\t\t\t\t\t\t\t<div class=\"elementor-field-type-checkbox elementor-field-group elementor-column elementor-field-group-field_e6fc003 elementor-col-100\">\n\t\t\t\t\t\t\t\t\t\t\t\t<label for=\"form-field-field_e6fc003\" class=\"elementor-field-label\">\n\t\t\t\t\t\t\t\tSelecione qual talento voc\u00ea busca*\t\t\t\t\t\t\t<\/label>\n\t\t\t\t\t\t<div class=\"elementor-field-subgroup  elementor-subgroup-inline\"><span class=\"elementor-field-option\"><input type=\"checkbox\" value=\"Empregado\" id=\"form-field-field_e6fc003-0\" name=\"form_fields[field_e6fc003][]\"> <label for=\"form-field-field_e6fc003-0\">Empregado<\/label><\/span><span class=\"elementor-field-option\"><input type=\"checkbox\" value=\"Estagi\u00e1rio\" id=\"form-field-field_e6fc003-1\" name=\"form_fields[field_e6fc003][]\"> <label for=\"form-field-field_e6fc003-1\">Estagi\u00e1rio<\/label><\/span><span class=\"elementor-field-option\"><input type=\"checkbox\" value=\"Trainee\" id=\"form-field-field_e6fc003-2\" name=\"form_fields[field_e6fc003][]\"> <label for=\"form-field-field_e6fc003-2\">Trainee<\/label><\/span><span class=\"elementor-field-option\"><input type=\"checkbox\" value=\"Outros\" id=\"form-field-field_e6fc003-3\" name=\"form_fields[field_e6fc003][]\"> <label for=\"form-field-field_e6fc003-3\">Outros<\/label><\/span><\/div>\t\t\t\t<\/div>\n\t\t\t\t\t\t\t\t<div class=\"elementor-field-type-select elementor-field-group elementor-column elementor-field-group-field_f213952 elementor-col-100 elementor-field-required\">\n\t\t\t\t\t\t\t\t\t\t\t\t<label for=\"form-field-field_f213952\" class=\"elementor-field-label\">\n\t\t\t\t\t\t\t\tPor onde prefere ser respondido?\t\t\t\t\t\t\t<\/label>\n\t\t\t\t\t\t\t\t<div class=\"elementor-field elementor-select-wrapper remove-before \">\n\t\t\t<div class=\"select-caret-down-wrapper\">\n\t\t\t\t<i aria-hidden=\"true\" class=\"eicon-caret-down\"><\/i>\t\t\t<\/div>\n\t\t\t<select name=\"form_fields[field_f213952]\" id=\"form-field-field_f213952\" class=\"elementor-field-textual elementor-size-md\" required=\"required\">\n\t\t\t\t\t\t\t\t\t<option value=\"Selecione..\">Selecione..<\/option>\n\t\t\t\t\t\t\t\t\t<option value=\"Telefone \">Telefone <\/option>\n\t\t\t\t\t\t\t\t\t<option value=\"E-mail\">E-mail<\/option>\n\t\t\t\t\t\t\t\t\t<option value=\"Whatsapp\">Whatsapp<\/option>\n\t\t\t\t\t\t\t<\/select>\n\t\t<\/div>\n\t\t\t\t\t\t<\/div>\n\t\t\t\t\t\t\t\t<div class=\"elementor-field-type-textarea elementor-field-group elementor-column elementor-field-group-message elementor-col-100 elementor-field-required\">\n\t\t\t\t\t\t\t\t\t\t\t\t<label for=\"form-field-message\" class=\"elementor-field-label\">\n\t\t\t\t\t\t\t\tMensagem*\t\t\t\t\t\t\t<\/label>\n\t\t\t\t\t\t<textarea class=\"elementor-field-textual elementor-field  elementor-size-md\" name=\"form_fields[message]\" id=\"form-field-message\" rows=\"4\" placeholder=\"Mensagem\" required=\"required\"><\/textarea>\t\t\t\t<\/div>\n\t\t\t\t\t\t\t\t<div class=\"elementor-field-group elementor-column elementor-field-type-submit elementor-col-100 e-form__buttons\">\n\t\t\t\t\t<button class=\"elementor-button elementor-size-sm elementor-animation-grow\" type=\"submit\">\n\t\t\t\t\t\t<span class=\"elementor-button-content-wrapper\">\n\t\t\t\t\t\t\t\t\t\t\t\t\t\t\t\t\t\t\t\t\t\t<span class=\"elementor-button-text\">Enviar<\/span>\n\t\t\t\t\t\t\t\t\t\t\t\t\t<\/span>\n\t\t\t\t\t<\/button>\n\t\t\t\t<\/div>\n\t\t\t<\/div>\n\t\t<\/form>\n\t\t\t\t\t\t<\/div>\n\t\t\t\t<\/div>\n\t\t\t\t<\/div>\n\t\t\t\t\t<\/div>\n\t\t\t\t<\/div>\n\t\t\t\t\t<\/div>\n\t\t\t\t<\/div>\n\t\t\t\t<\/div>\n\t\t","protected":false},"excerpt":{"rendered":"<p>Contratar Talentos No cora\u00e7\u00e3o de empresas vision\u00e1rias, a inova\u00e7\u00e3o \u00e9 o combust\u00edvel que impulsiona o crescimento. Voc\u00ea est\u00e1 pronto para liderar a revolu\u00e7\u00e3o empresarial? Seja uma empresa em busca de novos talentos. Entre em contato e encontre os melhores talentos Preencha o formul\u00e1rio e nossos especialistas entrar\u00e3o em contato. \u00a0 contato@cvxgrandbrasil.com.br Jos\u00e9 Paulino, 235 sala [&hellip;]<\/p>\n","protected":false},"author":1,"featured_media":0,"parent":0,"menu_order":0,"comment_status":"closed","ping_status":"closed","template":"elementor_header_footer","meta":{"_acf_changed":false,"_joinchat":[],"footnotes":""},"class_list":["post-2453","page","type-page","status-publish","hentry"],"acf":[],"_links":{"self":[{"href":"https:\/\/cvxgrandbrasil.com.br\/jobs\/wp-json\/wp\/v2\/pages\/2453","targetHints":{"allow":["GET"]}}],"collection":[{"href":"https:\/\/cvxgrandbrasil.com.br\/jobs\/wp-json\/wp\/v2\/pages"}],"about":[{"href":"https:\/\/cvxgrandbrasil.com.br\/jobs\/wp-json\/wp\/v2\/types\/page"}],"author":[{"embeddable":true,"href":"https:\/\/cvxgrandbrasil.com.br\/jobs\/wp-json\/wp\/v2\/users\/1"}],"replies":[{"embeddable":true,"href":"https:\/\/cvxgrandbrasil.com.br\/jobs\/wp-json\/wp\/v2\/comments?post=2453"}],"version-history":[{"count":125,"href":"https:\/\/cvxgrandbrasil.com.br\/jobs\/wp-json\/wp\/v2\/pages\/2453\/revisions"}],"predecessor-version":[{"id":6160,"href":"https:\/\/cvxgrandbrasil.com.br\/jobs\/wp-json\/wp\/v2\/pages\/2453\/revisions\/6160"}],"wp:attachment":[{"href":"https:\/\/cvxgrandbrasil.com.br\/jobs\/wp-json\/wp\/v2\/media?parent=2453"}],"curies":[{"name":"wp","href":"https:\/\/api.w.org\/{rel}","templated":true}]}}